{"id":164,"date":"2017-12-06T19:27:18","date_gmt":"2017-12-06T19:27:18","guid":{"rendered":"https:\/\/veterinaria-gernika.com\/zerbitzuak\/"},"modified":"2023-08-31T11:29:16","modified_gmt":"2023-08-31T11:29:16","slug":"zerbitzuak","status":"publish","type":"page","link":"https:\/\/veterinaria-gernika.com\/eu\/zerbitzuak\/","title":{"rendered":"Zerbitzuak"},"content":{"rendered":"<h3><img loading=\"lazy\" decoding=\"async\" class=\"alignnone size-full wp-image-73\" src=\"http:\/\/www.veterinaria-gernika.com\/wp-content\/uploads\/2018\/03\/icoMedicina.png\" alt=\"\" width=\"100\" height=\"100\"><br \/>\n<span style=\"color: #006600;\">Medikuntza orokor<\/span><\/h3>\n<p>Zure maskotaren osasunak eta ongizateak kezkatzen gaitu. Horregatik, barne-medikuntzako zerbitzu bat eskaintzen dizugu, diagnostikoa, tratamendua eta jarraipena egiteko, gure pazienteen bizi-kalitatea hobetzeko. Gainera, prebentzio-medikuntzako programa zabala dugu, txertaketa-protokolo indibidualizatuak eta osasun-azterketak barne hartzen dituena, paziente bakoitzaren espeziearen eta adinaren arabera.<\/p>\n<h3><span style=\"color: #008000;\"><img loading=\"lazy\" decoding=\"async\" class=\"alignnone size-full wp-image-57\" src=\"http:\/\/www.veterinaria-gernika.com\/wp-content\/uploads\/2018\/03\/icoLaboratorio.png\" alt=\"\" width=\"100\" height=\"100\"><br \/>\nLaborategi kliniko<\/span><\/h3>\n<p>Gure laborategian odol-analizatzaileak ditugu hemogramak, odol-biokimika eta ioien eta gasen analisiak egiteko, eta emaitzak minutu gutxitan lortzen ditugu.<\/p>\n<p>Analisi serologikoak ere egiten ditugu, birusek, protozooek eta bakterioek, hurrenez hurren, eragindako mokiloa, <em>Leishmania<\/em> edo <em>Erlichia<\/em> bezalako gaixotasunak detektatzeko.<\/p>\n<p>Gorozkiak eta gernua ohiko moduan aztertzen dira gure laborategian. Ohikoa da, halaber, gorputzeko beste fluido batzuen (zerumen, malko eta abarren) odol- eta frotis-luzapenak egitea eta interpretatzea.<\/p>\n<h3><img loading=\"lazy\" decoding=\"async\" class=\"alignnone size-full wp-image-62\" src=\"http:\/\/www.veterinaria-gernika.com\/wp-content\/uploads\/2018\/03\/icoHospitalizacion.png\" alt=\"\" width=\"100\" height=\"100\"><br \/>\n<span style=\"color: #006600;\">Ospitalizazio<\/span><\/h3>\n<p>Gure ospitalizazio-zerbitzuak bi gela independente ditu, bata katuentzat eta bestea txakurrentzat, banakako boxez hornituak, metakrilatozko ateekin, zarata gutxitzeko eta gure pazienteen egonaldia hobetzeko. Gela horiek infusio-ponpak eta oxigeno-sorgailuak dituzte.<\/p>\n<p>Nahiz eta kasu kliniko gehienek ez duten ospitaleratzerik behar, tratamendu jakin batzuk daude, hala nola fluidoterapia, oxigenoterapia eta abar, eta tratamendu horietan pazientea ospitaleratu egin behar da. Gainera, ospitaleratzeak pazienteak monitorizatzeko eta tratatzeko aukera ematen du, kirurgien aurretik eta ondoren.<\/p>\n<p><!--\n\n<h3><img loading=\"lazy\" decoding=\"async\" class=\"alignnone size-full wp-image-61\" src=\"http:\/\/www.veterinaria-gernika.com\/wp-content\/uploads\/2018\/03\/icoEstetica.png\" alt=\"\" width=\"100\" height=\"100\" \/>\n<span style=\"color: #006600;\">Est\u00e9tica e higiene<\/span><\/h3>\n\n\nOfrecemos un servicio de peluquer\u00eda en el que adem\u00e1s de ba\u00f1ar, cortar el pelo y perfumar a tu mascota, tambi\u00e9n nos preocupamos por su higiene y su salud. Por eso tambi\u00e9n se limpian las gl\u00e1ndulas, o\u00eddos, ojos etc., y se revisa el cuerpo del animal para detectar posibles anomal\u00edas como verrugas, alopecias etc.--><\/p>\n<h3><span style=\"color: #008000;\"><img loading=\"lazy\" decoding=\"async\" class=\"alignnone size-full wp-image-58\" src=\"http:\/\/www.veterinaria-gernika.com\/wp-content\/uploads\/2018\/03\/icoRadiografia.png\" alt=\"\" width=\"100\" height=\"100\"><br \/>\nErradiologia<\/span><\/h3>\n<p>Punta-puntako teknologia bat dugu, zuzeneko erradiografia digitaleko sistema bat duena, batez ere irudiaren kalitateagatik eta emaitzen azkartasunagatik nabarmentzen dena.<\/p>\n<p>Gainera, proben iraupenak behera egiten duenez, estres gutxiago eragiten dio animaliari.<\/p>\n<h3><span style=\"color: #008000;\"><img loading=\"lazy\" decoding=\"async\" class=\"alignnone size-full wp-image-59\" src=\"http:\/\/www.veterinaria-gernika.com\/wp-content\/uploads\/2018\/03\/icoEcografia.png\" alt=\"\" width=\"100\" height=\"100\"><br \/>\nEkografia<\/span><\/h3>\n<p>Maiztasun handiko soinu-uhinei esker, ehun bigunen eta barne-organoen irudiak lortzen dira denbora errealean. Metodo indoloroa da, eta ez inbaditzailea, ez baitu inolako erradiaziorik igortzen.<\/p>\n<p>Teknika honek barne-organoen laginak hartzen lagun diezaguke, hala nola zitologiak edo biopsiak, kirurgiaren beharrik gabe.<\/p>\n<h3><span style=\"color: #008000;\"><img loading=\"lazy\" decoding=\"async\" class=\"alignnone size-full wp-image-60\" src=\"http:\/\/www.veterinaria-gernika.com\/wp-content\/uploads\/2018\/03\/icoUrgencias.png\" alt=\"\" width=\"100\" height=\"100\"><br \/>\nLarrialdietako telefonoa 24 ordu<\/span><\/h3>\n<p>Gure telefonoa erabilgarri dago urteko 365 egunetan zure maskotak eguneko 24 orduetan izan ditzakeen larrialdi medikoei erantzuteko; izan ere, merkataritza-ordutegitik kanpo ere, gure albaitariek erantzungo diote zure deiari.<\/p>\n<p class=\"alignnone size-full wp-image-63\">\n","protected":false},"excerpt":{"rendered":"<p>Medikuntza orokor Zure maskotaren osasunak eta ongizateak kezkatzen gaitu. Horregatik, barne-medikuntzako zerbitzu bat eskaintzen dizugu, diagnostikoa, tratamendua eta jarraipena egiteko, gure pazienteen bizi-kalitatea hobetzeko. Gainera, prebentzio-medikuntzako programa zabala dugu, txertaketa-protokolo indibidualizatuak eta osasun-azterketak barne hartzen dituena, paziente bakoitzaren espeziearen eta adinaren arabera. Laborategi kliniko Gure laborategian odol-analizatzaileak ditugu hemogramak, odol-biokimika eta ioien eta gasen analisiak egiteko, eta emaitzak minutu gutxitan lortzen ditugu. Analisi serologikoak ere egiten ditugu, birusek, protozooek eta bakterioek, hurrenez hurren, eragindako mokiloa, Leishmania edo Erlichia bezalako gaixotasunak detektatzeko. Gorozkiak eta gernua ohiko moduan aztertzen dira gure laborategian. Ohikoa da, halaber, gorputzeko beste fluido batzuen (zerumen, malko eta&#8230; <\/p>\n","protected":false},"author":1,"featured_media":138,"parent":0,"menu_order":0,"comment_status":"closed","ping_status":"closed","template":"template-full-width.php","meta":{"footnotes":""},"class_list":["post-164","page","type-page","status-publish","has-post-thumbnail","hentry"],"_links":{"self":[{"href":"https:\/\/veterinaria-gernika.com\/eu\/wp-json\/wp\/v2\/pages\/164","targetHints":{"allow":["GET"]}}],"collection":[{"href":"https:\/\/veterinaria-gernika.com\/eu\/wp-json\/wp\/v2\/pages"}],"about":[{"href":"https:\/\/veterinaria-gernika.com\/eu\/wp-json\/wp\/v2\/types\/page"}],"author":[{"embeddable":true,"href":"https:\/\/veterinaria-gernika.com\/eu\/wp-json\/wp\/v2\/users\/1"}],"replies":[{"embeddable":true,"href":"https:\/\/veterinaria-gernika.com\/eu\/wp-json\/wp\/v2\/comments?post=164"}],"version-history":[{"count":1,"href":"https:\/\/veterinaria-gernika.com\/eu\/wp-json\/wp\/v2\/pages\/164\/revisions"}],"predecessor-version":[{"id":165,"href":"https:\/\/veterinaria-gernika.com\/eu\/wp-json\/wp\/v2\/pages\/164\/revisions\/165"}],"wp:featuredmedia":[{"embeddable":true,"href":"https:\/\/veterinaria-gernika.com\/eu\/wp-json\/wp\/v2\/media\/138"}],"wp:attachment":[{"href":"https:\/\/veterinaria-gernika.com\/eu\/wp-json\/wp\/v2\/media?parent=164"}],"curies":[{"name":"wp","href":"https:\/\/api.w.org\/{rel}","templated":true}]}}