{"id":168,"date":"2017-12-06T19:27:11","date_gmt":"2017-12-06T19:27:11","guid":{"rendered":"https:\/\/veterinaria-gernika.com\/espezialitate\/"},"modified":"2017-12-06T19:27:11","modified_gmt":"2017-12-06T19:27:11","slug":"espezialitate","status":"publish","type":"page","link":"https:\/\/veterinaria-gernika.com\/eu\/espezialitate\/","title":{"rendered":"Espezialitate"},"content":{"rendered":"<h3><img loading=\"lazy\" decoding=\"async\" class=\"alignnone size-full wp-image-48\" src=\"http:\/\/www.veterinaria-gernika.com\/wp-content\/uploads\/2018\/03\/icoOdontologia.png\" alt=\"\" width=\"100\" height=\"100\"><\/h3>\n<h3><span style=\"color: #006600;\">Odontologia<\/span><\/h3>\n<p>Es importante vigilar los problemas dentales de tu animal de compa\u00f1\u00eda. Las enfermedades periodontales son muy frecuentes y pueden causar desde una ca\u00edda de piezas dentales hasta ser una seria amenaza para la salud de tu mascota.<\/p>\n<p>Unos dientes y enc\u00edas sanos son fundamentales y en algunas ocasiones son necesarias limpiezas bucales peri\u00f3dicas para mantener una boca en condiciones adecuadas.<\/p>\n<h3><img loading=\"lazy\" decoding=\"async\" class=\"alignnone size-full wp-image-46\" src=\"http:\/\/www.veterinaria-gernika.com\/wp-content\/uploads\/2018\/03\/icoCirugia.png\" alt=\"\" width=\"100\" height=\"100\"><br \/>\n<span style=\"color: #006600;\">Cirug\u00eda general<\/span><\/h3>\n<p>Disponemos de un quir\u00f3fano totalmente equipado y personal veterinario con una amplia experiencia en cirug\u00eda.<\/p>\n<p>Todas las cirug\u00edas se realizan bajo estrictas condiciones de asepsia que proporcionan al paciente un servicio quir\u00fargico seguro y de calidad.<\/p>\n<p>Antes de cada cirug\u00eda se realiza una exploraci\u00f3n f\u00edsica completa del animal y se establece el protocolo anest\u00e9sico m\u00e1s adecuado para cada caso, as\u00ed como la analgesia tanto intraoperatoria como postquir\u00fargica.<\/p>\n<h3><img loading=\"lazy\" decoding=\"async\" class=\"alignnone size-full wp-image-50\" src=\"http:\/\/www.veterinaria-gernika.com\/wp-content\/uploads\/2018\/03\/icoOncologia.png\" alt=\"\" width=\"100\" height=\"100\"><br \/>\n<span style=\"color: #006600;\">Oncolog\u00eda<\/span><\/h3>\n<p>Las consultas en oncolog\u00eda veterinaria en peque\u00f1os animales son cada vez m\u00e1s comunes. El aumento de la esperanza de vida de nuestras mascotas es una de las razones por las que el c\u00e1ncer es cada vez m\u00e1s frecuente, sobre todo en los pacientes de edad avanzada, aunque tambi\u00e9n puede aparecer en pacientes j\u00f3venes.<\/p>\n<p>En ocasiones, con un diagn\u00f3stico precoz de esta enfermedad y el tratamiento adecuado podemos conseguir la curaci\u00f3n del animal. Las pruebas necesarias para esta detecci\u00f3n son la anal\u00edtica sangu\u00ednea, pruebas de orina y estudio radiol\u00f3gico.<\/p>\n<p>En aquellos casos en los que no sea posible erradicar el problema se proporcionar\u00e1 el tratamiento m\u00e1s adecuado en cada caso, con el fin de que tu mascota conviva con su enfermedad el mayor tiempo posible con una buena calidad de vida.<\/p>\n<h3 style=\"text-align: left;\"><span style=\"color: #008000;\"><img loading=\"lazy\" decoding=\"async\" class=\"alignnone size-full wp-image-46\" src=\"http:\/\/www.veterinaria-gernika.com\/wp-content\/uploads\/2018\/03\/icoAnestesia.png\" alt=\"\" width=\"100\" height=\"100\"><br \/>\nAnestesia<\/span><\/h3>\n<p style=\"text-align: left;\">Es una de las especialidades que m\u00e1s ha avanzado en los \u00faltimos a\u00f1os y es fundamental en la pr\u00e1ctica diaria de la medicina veterinaria.<\/p>\n<p style=\"text-align: left;\">Aunque se utiliza principalmente para la realizaci\u00f3n de intervenciones quir\u00fargicas, la sedaci\u00f3n es tambi\u00e9n una buena herramienta para la realizaci\u00f3n de diversas pruebas diagn\u00f3sticas como endoscopias, radiograf\u00edas, biopsias etc.\u2026<\/p>\n<p style=\"text-align: left;\">La anestesia es individualizada, por lo que se elegir\u00e1n los f\u00e1rmacos y las dosis m\u00e1s adecuadas para cada paciente teniendo en cuenta la especie, edad, peso, patolog\u00edas existentes etc.<\/p>\n<h3><img loading=\"lazy\" decoding=\"async\" class=\"alignnone size-full wp-image-71\" src=\"http:\/\/www.veterinaria-gernika.com\/wp-content\/uploads\/2018\/03\/icoDolor-1.png\" alt=\"\" width=\"100\" height=\"100\"><br \/>\n<span style=\"color: #006600;\">Tratamiento del dolor<\/span><\/h3>\n<p>En algunas ocasiones como el caso de enfermedades articulares degenerativas, traumatismos, malformaciones, neuropat\u00edas, enfermedades oncol\u00f3gicas etc. los pacientes padecen dolores muy intensos.<\/p>\n<p>Combinando la farmacolog\u00eda tradicional, con otras t\u00e9cnicas de fisioterapia y rehabilitaci\u00f3n podemos aliviar este dolor y mejorar la calidad de vida de estos pacientes.<\/p>\n<h3 style=\"text-align: left;\"><span style=\"color: #008000;\"><img loading=\"lazy\" decoding=\"async\" class=\"alignnone size-full wp-image-49\" src=\"http:\/\/www.veterinaria-gernika.com\/wp-content\/uploads\/2018\/03\/icoExoticos.png\" alt=\"\" width=\"100\" height=\"100\"><br \/>\nMedicina de animales ex\u00f3ticos<\/span><\/h3>\n<p style=\"text-align: left;\">Cada vez son m\u00e1s las personas que optan por este tipo de animales como animales de compa\u00f1\u00eda.<\/p>\n<p style=\"text-align: left;\">Por esta raz\u00f3n, tenemos profesional altamente cualificado para asesorarte sobre el cuidado de aves, reptiles y peque\u00f1os mam\u00edferos, as\u00ed como para diagnosticar y tratar las enfermedades de estas mascotas.<\/p>\n","protected":false},"excerpt":{"rendered":"<p>Odontologia Es importante vigilar los problemas dentales de tu animal de compa\u00f1\u00eda. Las enfermedades periodontales son muy frecuentes y pueden causar desde una ca\u00edda de piezas dentales hasta ser una seria amenaza para la salud de tu mascota. Unos dientes y enc\u00edas sanos son fundamentales y en algunas ocasiones son necesarias limpiezas bucales peri\u00f3dicas para mantener una boca en condiciones adecuadas. Cirug\u00eda general Disponemos de un quir\u00f3fano totalmente equipado y personal veterinario con una amplia experiencia en cirug\u00eda. Todas las cirug\u00edas se realizan bajo estrictas condiciones de asepsia que proporcionan al paciente un servicio quir\u00fargico seguro y de calidad. Antes&#8230; <\/p>\n","protected":false},"author":1,"featured_media":136,"parent":0,"menu_order":0,"comment_status":"closed","ping_status":"closed","template":"template-full-width.php","meta":{"footnotes":""},"class_list":["post-168","page","type-page","status-publish","has-post-thumbnail","hentry"],"_links":{"self":[{"href":"https:\/\/veterinaria-gernika.com\/eu\/wp-json\/wp\/v2\/pages\/168","targetHints":{"allow":["GET"]}}],"collection":[{"href":"https:\/\/veterinaria-gernika.com\/eu\/wp-json\/wp\/v2\/pages"}],"about":[{"href":"https:\/\/veterinaria-gernika.com\/eu\/wp-json\/wp\/v2\/types\/page"}],"author":[{"embeddable":true,"href":"https:\/\/veterinaria-gernika.com\/eu\/wp-json\/wp\/v2\/users\/1"}],"replies":[{"embeddable":true,"href":"https:\/\/veterinaria-gernika.com\/eu\/wp-json\/wp\/v2\/comments?post=168"}],"version-history":[{"count":0,"href":"https:\/\/veterinaria-gernika.com\/eu\/wp-json\/wp\/v2\/pages\/168\/revisions"}],"wp:featuredmedia":[{"embeddable":true,"href":"https:\/\/veterinaria-gernika.com\/eu\/wp-json\/wp\/v2\/media\/136"}],"wp:attachment":[{"href":"https:\/\/veterinaria-gernika.com\/eu\/wp-json\/wp\/v2\/media?parent=168"}],"curies":[{"name":"wp","href":"https:\/\/api.w.org\/{rel}","templated":true}]}}