{"id":169,"date":"2017-12-06T19:26:57","date_gmt":"2017-12-06T19:26:57","guid":{"rendered":"https:\/\/veterinaria-gernika.com\/klinika\/"},"modified":"2017-12-06T19:26:57","modified_gmt":"2017-12-06T19:26:57","slug":"klinika","status":"publish","type":"page","link":"https:\/\/veterinaria-gernika.com\/eu\/klinika\/","title":{"rendered":"Klinika"},"content":{"rendered":"<p>En nuestro centro contamos con:<\/p>\n<ul>\n<li>Tres consultas, siendo una exclusiva para gatos.<\/li>\n<li>Sala de ecograf\u00edas<\/li>\n<li>Sala de Rayos X<\/li>\n<li>Sala para la hospitalizaci\u00f3n de gatos<\/li>\n<li>Sala insonorizada para la hospitalizaci\u00f3n de perros<\/li>\n<li>Quir\u00f3fano equipado con anestesia inhalatoria.<\/li>\n<li>Laboratorio equipado para realizar hemogramas, bioqu\u00edmicas y otras pruebas de laboratorio en pocos minutos.<\/li>\n<li>Sala de est\u00e9tica e higiene (pr\u00f3ximamente)<\/li>\n<\/ul>\n<h4><span style=\"color: #006600;\">Instalaciones<\/span><\/h4>\n<p><img loading=\"lazy\" decoding=\"async\" class=\"alignnone wp-image-83 size-large\" src=\"http:\/\/www.veterinaria-gernika.com\/wp-content\/uploads\/2018\/05\/plano-1024x690.png\" alt=\"\" width=\"1024\" height=\"690\" srcset=\"https:\/\/veterinaria-gernika.com\/wp-content\/uploads\/2018\/05\/plano-1024x690.png 1024w, https:\/\/veterinaria-gernika.com\/wp-content\/uploads\/2018\/05\/plano-600x404.png 600w, https:\/\/veterinaria-gernika.com\/wp-content\/uploads\/2018\/05\/plano-300x202.png 300w, https:\/\/veterinaria-gernika.com\/wp-content\/uploads\/2018\/05\/plano-768x518.png 768w, https:\/\/veterinaria-gernika.com\/wp-content\/uploads\/2018\/05\/plano.png 2000w\" sizes=\"auto, (max-width: 1024px) 100vw, 1024px\" \/><\/p>\n<h4><span style=\"color: #006600;\">Nuestra Misi\u00f3n<\/span><\/h4>\n<p>Somos un equipo de profesionales multidisciplinar con experiencia internacional que apuesta por la formaci\u00f3n continuada y constante evoluci\u00f3n, para as\u00ed ofrecer el mejor servicio a nuestros pacientes.<\/p>\n<h4><span style=\"color: #006600;\">Nuestra Visi\u00f3n<\/span><\/h4>\n<p>Queremos ser el centro veterinario de referencia de la zona de Urdaibai y alrededores.<\/p>\n<h4><span style=\"color: #006600;\">Nuestros Valores<\/span><\/h4>\n<p>Integridad y respeto hacia la vida de los animales y la confianza de los clientes<\/p>\n<p>Confianza en la calidad de nuestros productos y servicios, con precios competitivos. Disponemos de un horario continuo para la comodidad de los clientes. Adem\u00e1s, contamos con un servicio de urgencias telef\u00f3nicas las 24 horas del d\u00eda.<\/p>\n<p>Continua formaci\u00f3n y reciclaje profesional para ofrecer la mejor atenci\u00f3n y servicio a nuestros clientes.<\/p>\n<p>Orientar y ofrecer las mejores alternativas a nuestros clientes y pacientes. Nos responsabilizamos de nuestras acciones, a la vez que explicamos a los clientes el papel tan importante que desempe\u00f1an en la salud y el bienestar de su mascota.<\/p>\n<p>Equipos t\u00e9cnicos para la realizaci\u00f3n de distintas pruebas diagn\u00f3sticas que cumplan con las expectativas de nuestros clientes.<\/p>\n<p>Instalaciones c\u00f3modas e higi\u00e9nicas dise\u00f1adas especialmente para mejorar la estancia de las mascotas.<\/p>\n","protected":false},"excerpt":{"rendered":"<p>En nuestro centro contamos con: Tres consultas, siendo una exclusiva para gatos. Sala de ecograf\u00edas Sala de Rayos X Sala para la hospitalizaci\u00f3n de gatos Sala insonorizada para la hospitalizaci\u00f3n de perros Quir\u00f3fano equipado con anestesia inhalatoria. Laboratorio equipado para realizar hemogramas, bioqu\u00edmicas y otras pruebas de laboratorio en pocos minutos. Sala de est\u00e9tica e higiene (pr\u00f3ximamente) Instalaciones Nuestra Misi\u00f3n Somos un equipo de profesionales multidisciplinar con experiencia internacional que apuesta por la formaci\u00f3n continuada y constante evoluci\u00f3n, para as\u00ed ofrecer el mejor servicio a nuestros pacientes. Nuestra Visi\u00f3n Queremos ser el centro veterinario de referencia de la zona de&#8230; <\/p>\n","protected":false},"author":1,"featured_media":137,"parent":0,"menu_order":0,"comment_status":"closed","ping_status":"closed","template":"template-full-width.php","meta":{"footnotes":""},"class_list":["post-169","page","type-page","status-publish","has-post-thumbnail","hentry"],"_links":{"self":[{"href":"https:\/\/veterinaria-gernika.com\/eu\/wp-json\/wp\/v2\/pages\/169","targetHints":{"allow":["GET"]}}],"collection":[{"href":"https:\/\/veterinaria-gernika.com\/eu\/wp-json\/wp\/v2\/pages"}],"about":[{"href":"https:\/\/veterinaria-gernika.com\/eu\/wp-json\/wp\/v2\/types\/page"}],"author":[{"embeddable":true,"href":"https:\/\/veterinaria-gernika.com\/eu\/wp-json\/wp\/v2\/users\/1"}],"replies":[{"embeddable":true,"href":"https:\/\/veterinaria-gernika.com\/eu\/wp-json\/wp\/v2\/comments?post=169"}],"version-history":[{"count":0,"href":"https:\/\/veterinaria-gernika.com\/eu\/wp-json\/wp\/v2\/pages\/169\/revisions"}],"wp:featuredmedia":[{"embeddable":true,"href":"https:\/\/veterinaria-gernika.com\/eu\/wp-json\/wp\/v2\/media\/137"}],"wp:attachment":[{"href":"https:\/\/veterinaria-gernika.com\/eu\/wp-json\/wp\/v2\/media?parent=169"}],"curies":[{"name":"wp","href":"https:\/\/api.w.org\/{rel}","templated":true}]}}